{"id":8043,"date":"2021-01-03T14:49:24","date_gmt":"2021-01-03T22:49:24","guid":{"rendered":"https:\/\/www.wgimanufacturing.com\/?page_id=8043"},"modified":"2025-06-27T12:27:49","modified_gmt":"2025-06-27T19:27:49","slug":"notre-entreprise","status":"publish","type":"page","link":"https:\/\/www.wgimanufacturing.com\/fr\/notre-entreprise\/","title":{"rendered":"Notre entreprise"},"content":{"rendered":"<div class=\"wpb-content-wrapper\"><p>[vc_row full_width=&#8221;stretch_row&#8221; parallax=&#8221;content-moving&#8221; css=&#8221;.vc_custom_1611835899507{padding-top: 100px !important;padding-bottom: 85px !important;}&#8221; el_id=&#8221;intro&#8221;][vc_column][vc_row_inner][vc_column_inner width=&#8221;1\/3&#8243; offset=&#8221;vc_col-lg-4 vc_col-md-12&#8243; css=&#8221;.vc_custom_1539607714286{padding-right: 50px !important;padding-left: 0px !important;}&#8221;]<header class=\"kd-section-title col-lg-12 text-left  kd-animated fadeIn  \" data-animation-delay=200><h2 class=\"separator_off\" >Un visage sympathique dans le domaine de l'assurance et de la fabrication.<\/h2><\/header>[\/vc_column_inner][vc_column_inner width=&#8221;1\/3&#8243; offset=&#8221;vc_col-lg-4 vc_col-md-6&#8243;][vc_custom_heading text=&#8221;En tant que seul fabricant de produits chimiques travaillant en collaboration avec l\u2019industrie finance et assurances, nous avons vu ce que d&#8217;excellents produits et services peuvent faire pour des millions de familles. Cela nous donne une perspective r\u00e9fl\u00e9chie alors que nous g\u00e9rons un des plus vastes portefeuilles de produits de finance et assurances au Canada.&#8221; font_container=&#8221;tag:h6|font_size:16px|text_align:left&#8221; use_theme_fonts=&#8221;yes&#8221; css_animation=&#8221;fadeIn&#8221;][\/vc_column_inner][vc_column_inner width=&#8221;1\/3&#8243; offset=&#8221;vc_col-lg-4 vc_col-md-6&#8243;][vc_custom_heading text=&#8221;C&#8217;est pourquoi WGI Manufacturing se consacre non seulement aux personnes, mais aussi aux produits de haute qualit\u00e9 et \u00e0 l&#8217;innovation. Nous nous effor\u00e7ons d\u2019atteindre le plus haut degr\u00e9 d\u2019int\u00e9grit\u00e9, \u00e9quit\u00e9 et nous voulons demeurer une enterprise offrant une approche simplifi\u00e9e en affaires. Nous fournissons des produits avec une qualit\u00e9 de service haut de gamme, un traitement de r\u00e9clamation rapide et sans tracas, ainsi qu&#8217;une formation et un soutien aux concessionnaires pour garantir le succ\u00e8s.&#8221; font_container=&#8221;tag:h6|font_size:16px|text_align:left&#8221; use_theme_fonts=&#8221;yes&#8221; css_animation=&#8221;fadeIn&#8221;][\/vc_column_inner][\/vc_row_inner][vc_row_inner css=&#8221;.vc_custom_1539607585823{margin-top: 45px !important;border-top-width: 1px !important;padding-top: 55px !important;border-top-color: rgba(132,132,132,0.15) !important;border-top-style: solid !important;}&#8221;][vc_column_inner width=&#8221;1\/4&#8243; css=&#8221;.vc_custom_1610140796333{padding-right: 40px !important;padding-left: 40px !important;}&#8221;]<div class=\"key-icon-box icon-default icon-top cont-center ib-no-effect  kd-animated fadeInUp\" style=\"background-color: transparent;\" data-animation-delay=200><div class=\"tt-iconbox-customimg img_big_size\"><img decoding=\"async\" src=\"https:\/\/www.wgimanufacturing.com\/wp-content\/uploads\/2021\/01\/company_chemical.svg\" class=\"attachment-full\" alt=\"\" title=\"company_chemical\" \/><\/div><p >Plus de 20 de nos produits chimiques sont fabriqu\u00e9s en interne<\/p><\/div>[\/vc_column_inner][vc_column_inner width=&#8221;1\/4&#8243; css=&#8221;.vc_custom_1610140805604{padding-right: 40px !important;padding-left: 40px !important;}&#8221;]<div class=\"key-icon-box icon-default icon-top cont-center ib-no-effect  kd-animated fadeInUp\" style=\"background-color: transparent;\" data-animation-delay=200><div class=\"tt-iconbox-customimg img_big_size\"><img decoding=\"async\" src=\"https:\/\/www.wgimanufacturing.com\/wp-content\/uploads\/2021\/01\/company_certified.svg\" class=\"attachment-full\" alt=\"\" title=\"company_certified\" \/><\/div><p >Fabricant de pi\u00e8ces certifi\u00e9 de niveau 1<\/p><\/div>[\/vc_column_inner][vc_column_inner width=&#8221;1\/4&#8243; css=&#8221;.vc_custom_1610140815798{padding-right: 40px !important;padding-left: 40px !important;}&#8221;]<div class=\"key-icon-box icon-default icon-top cont-center ib-no-effect  kd-animated fadeInUp\" style=\"background-color: transparent;\" data-animation-delay=200><div class=\"tt-iconbox-customimg img_big_size\"><img decoding=\"async\" src=\"https:\/\/www.wgimanufacturing.com\/wp-content\/uploads\/2021\/01\/company_water.svg\" class=\"attachment-full\" alt=\"\" title=\"company_water\" \/><\/div><p >Plus de 95% de nos produits sont soit des formulations 100% \u00e0 base d'eau ou des formulations aqueuses.<\/p><\/div>[\/vc_column_inner][vc_column_inner width=&#8221;1\/4&#8243; css=&#8221;.vc_custom_1610140829343{padding-right: 40px !important;padding-left: 40px !important;}&#8221;]<div class=\"key-icon-box icon-default icon-top cont-center ib-no-effect  kd-animated fadeInUp\" style=\"background-color: transparent;\" data-animation-delay=200><div class=\"tt-iconbox-customimg img_big_size\"><img decoding=\"async\" src=\"https:\/\/www.wgimanufacturing.com\/wp-content\/uploads\/2021\/01\/company_claims.svg\" class=\"attachment-full\" alt=\"\" title=\"company_claims\" \/><\/div><p >96% de r\u00e9clamations pay\u00e9es.<\/p><\/div>[\/vc_column_inner][\/vc_row_inner][\/vc_column][\/vc_row][vc_row full_width=&#8221;stretch_row_content_no_spaces&#8221; equal_height=&#8221;yes&#8221; content_placement=&#8221;middle&#8221; css=&#8221;.vc_custom_1610453699951{background-color: #f5f5f5 !important;}&#8221;][vc_column width=&#8221;1\/2&#8243; css=&#8221;.vc_custom_1522315111993{padding-top: 0px !important;}&#8221; offset=&#8221;vc_col-lg-6 vc_col-md-12&#8243;][vc_row_inner css=&#8221;.vc_custom_1610453658400{padding-top: 200px !important;padding-bottom: 200px !important;background-image: url(https:\/\/www.wgimanufacturing.com\/wp-content\/uploads\/2021\/01\/company_responsibility.jpg?id=592) !important;background-position: center !important;background-repeat: no-repeat !important;background-size: cover !important;}&#8221;][vc_column_inner css=&#8221;.vc_custom_1511789291663{padding-top: 0px !important;padding-bottom: 0px !important;}&#8221;][vc_empty_space height=&#8221;200px&#8221;][\/vc_column_inner][\/vc_row_inner][\/vc_column][vc_column width=&#8221;1\/2&#8243; offset=&#8221;vc_col-lg-6 vc_col-md-12&#8243;][vc_row_inner css=&#8221;.vc_custom_1539595123771{padding-top: 150px !important;}&#8221;][vc_column_inner offset=&#8221;vc_hidden-xs&#8221; css=&#8221;.vc_custom_1610404204357{padding-right: 120px !important;padding-left: 120px !important;}&#8221;]<header class=\"kd-section-title col-lg-12 text-left  kd-animated fadeIn  \" data-animation-delay=200><h2 class=\"separator_off\" >Nous croyons en la responsabilit\u00e9 totale.<\/h2><h6 class=\"subtitle \" >Depuis plus de 50 ans, notre philosophie n'a pas chang\u00e9: Afin de fournir les meilleurs produits et services sur le march\u00e9, nous devons avoir le contr\u00f4le sur chaque aspect de nos activit\u00e9s - de la recherche et d\u00e9veloppement et les mises \u00e0 l\u2019essai, jusqu'\u00e0 la fabrication de nos propres produits en interne.<\/h6><\/header>[\/vc_column_inner][\/vc_row_inner][\/vc_column][\/vc_row][vc_row css=&#8221;.vc_custom_1513709138743{padding-top: 100px !important;padding-bottom: 90px !important;}&#8221;][vc_column][vc_row_inner][vc_column_inner width=&#8221;1\/4&#8243; offset=&#8221;vc_hidden-xs&#8221;][\/vc_column_inner][vc_column_inner width=&#8221;1\/2&#8243;]<header class=\"kd-section-title col-lg-12 text-center  kd-animated fadeIn  \" data-animation-delay=200><h2 class=\"separator_off\" >Notre approche unique<\/h2><\/header>[\/vc_column_inner][vc_column_inner width=&#8221;1\/4&#8243; offset=&#8221;vc_hidden-xs&#8221;][\/vc_column_inner][\/vc_row_inner][vc_row_inner css=&#8221;.vc_custom_1610025174378{padding-top: 40px !important;}&#8221;][vc_column_inner width=&#8221;1\/4&#8243; css=&#8221;.vc_custom_1610025387013{padding-right: 40px !important;padding-left: 40px !important;}&#8221;]<div class=\"key-icon-box icon-default icon-top cont-center ib-no-effect  kd-animated fadeInUp\" style=\"background-color: transparent;\" ><div class=\"tt-iconbox-customimg img_big_size\"><img decoding=\"async\" src=\"https:\/\/www.wgimanufacturing.com\/wp-content\/uploads\/2021\/01\/company_development.svg\" class=\"attachment-full\" alt=\"\" title=\"company_development\" \/><\/div><h6 class=\"service-heading\" >D\u00e9veloppement de produits en interne<\/h6><p >Nous avons une \u00e9quipe d'ing\u00e9nieurs chimistes certifi\u00e9s qui travaillent dans notre laboratoire pour d\u00e9velopper et am\u00e9liorer les produits de protection qui font notre r\u00e9putation.<\/p><\/div>[\/vc_column_inner][vc_column_inner width=&#8221;1\/4&#8243; css=&#8221;.vc_custom_1610025395959{padding-right: 40px !important;padding-left: 40px !important;}&#8221;]<div class=\"key-icon-box icon-default icon-top cont-center ib-no-effect  kd-animated fadeInUp\" style=\"background-color: transparent;\" data-animation-delay=200><div class=\"tt-iconbox-customimg img_big_size\"><img decoding=\"async\" src=\"https:\/\/www.wgimanufacturing.com\/wp-content\/uploads\/2021\/01\/company_sustainable.svg\" class=\"attachment-full\" alt=\"\" title=\"company_sustainable\" \/><\/div><h6 class=\"service-heading\" >Produit \u00e9cologique<\/h6><p >Nous utilisons nos propres formules pour tous nos produits. Ces formules sont cr\u00e9\u00e9es selon une norme stricte qui place la performance, la qualit\u00e9 et la durabilit\u00e9 environnementale au tout premier plan. Plus de 95% de nos produits sont soit des formulations 100% \u00e0 base d'eau ou des formulations aqueuses.<\/p><\/div>[\/vc_column_inner][vc_column_inner width=&#8221;1\/4&#8243; css=&#8221;.vc_custom_1610025404877{padding-right: 40px !important;padding-left: 40px !important;}&#8221;]<div class=\"key-icon-box icon-default icon-top cont-center ib-no-effect  kd-animated fadeInUp\" style=\"background-color: transparent;\" data-animation-delay=400><div class=\"tt-iconbox-customimg img_big_size\"><img decoding=\"async\" src=\"https:\/\/www.wgimanufacturing.com\/wp-content\/uploads\/2021\/01\/company_testing.svg\" class=\"attachment-full\" alt=\"\" title=\"company_testing\" \/><\/div><h6 class=\"service-heading\" >Des tests rigoureux effectu\u00e9s dans le monde r\u00e9el<\/h6><p >Une fois que nos formules sont d\u00e9velopp\u00e9es et approuv\u00e9es, nous les \u00e9valuons dans des environnements r\u00e9els et en laboratoire ind\u00e9pendant.<\/p><\/div>[\/vc_column_inner][vc_column_inner width=&#8221;1\/4&#8243; css=&#8221;.vc_custom_1610025414092{padding-right: 40px !important;padding-left: 40px !important;}&#8221;]<div class=\"key-icon-box icon-default icon-top cont-center ib-no-effect  kd-animated fadeInUp\" style=\"background-color: transparent;\" data-animation-delay=600><div class=\"tt-iconbox-customimg img_big_size\"><img decoding=\"async\" src=\"https:\/\/www.wgimanufacturing.com\/wp-content\/uploads\/2021\/01\/company_global.svg\" class=\"attachment-full\" alt=\"\" title=\"company_global\" \/><\/div><h6 class=\"service-heading\" >Tests suppl\u00e9mentaires selon les normes mondiales.<\/h6><p >Avant de quitter notre usine, nos produits sont soumis \u00e0 des tests approfondis selon les normes internationales certifi\u00e9es de l\u2019industrie automobile.<\/p><\/div>[\/vc_column_inner][\/vc_row_inner][\/vc_column][\/vc_row]<\/p>\n<\/div>","protected":false},"excerpt":{"rendered":"<p>[vc_row full_width=&#8221;stretch_row&#8221; parallax=&#8221;content-moving&#8221; css=&#8221;.vc_custom_1611835899507{padding-top: 100px !important;padding-bottom: 85px !important;}&#8221; el_id=&#8221;intro&#8221;][vc_column][vc_row_inner][vc_column_inner width=&#8221;1\/3&#8243; offset=&#8221;vc_col-lg-4 vc_col-md-12&#8243; css=&#8221;.vc_custom_1539607714286{padding-right: 50px !important;padding-left: 0px !important;}&#8221;][\/vc_column_inner][vc_column_inner width=&#8221;1\/3&#8243; offset=&#8221;vc_col-lg-4 vc_col-md-6&#8243;][vc_custom_heading [&hellip;]<\/p>\n","protected":false},"author":1,"featured_media":7900,"parent":0,"menu_order":0,"comment_status":"closed","ping_status":"closed","template":"","meta":{"footnotes":""},"class_list":["post-8043","page","type-page","status-publish","has-post-thumbnail","hentry"],"yoast_head":"<!-- This site is optimized with the Yoast SEO plugin v26.1.1 - https:\/\/yoast.com\/wordpress\/plugins\/seo\/ -->\n<title>Notre entreprise - WGI Manufacturing<\/title>\n<meta name=\"robots\" content=\"index, follow, max-snippet:-1, max-image-preview:large, max-video-preview:-1\" \/>\n<link rel=\"canonical\" href=\"https:\/\/www.wgimanufacturing.com\/fr\/notre-entreprise\/\" \/>\n<meta property=\"og:locale\" content=\"fr_CA\" \/>\n<meta property=\"og:type\" content=\"article\" \/>\n<meta property=\"og:title\" content=\"Notre entreprise - WGI Manufacturing\" \/>\n<meta property=\"og:description\" content=\"[vc_row full_width=&#8221;stretch_row&#8221; parallax=&#8221;content-moving&#8221; css=&#8221;.vc_custom_1611835899507{padding-top: 100px !important;padding-bottom: 85px !important;}&#8221; el_id=&#8221;intro&#8221;][vc_column][vc_row_inner][vc_column_inner width=&#8221;1\/3&#8243; offset=&#8221;vc_col-lg-4 vc_col-md-12&#8243; css=&#8221;.vc_custom_1539607714286{padding-right: 50px !important;padding-left: 0px !important;}&#8221;][\/vc_column_inner][vc_column_inner width=&#8221;1\/3&#8243; offset=&#8221;vc_col-lg-4 vc_col-md-6&#8243;][vc_custom_heading [&hellip;]\" \/>\n<meta property=\"og:url\" content=\"https:\/\/www.wgimanufacturing.com\/fr\/notre-entreprise\/\" \/>\n<meta property=\"og:site_name\" content=\"WGI Manufacturing\" \/>\n<meta property=\"article:modified_time\" content=\"2025-06-27T19:27:49+00:00\" \/>\n<meta property=\"og:image\" content=\"https:\/\/www.wgimanufacturing.com\/wp-content\/uploads\/2021\/01\/company_hero.jpg\" \/>\n\t<meta property=\"og:image:width\" content=\"1200\" \/>\n\t<meta property=\"og:image:height\" content=\"800\" \/>\n\t<meta property=\"og:image:type\" content=\"image\/jpeg\" \/>\n<meta name=\"twitter:card\" content=\"summary_large_image\" \/>\n<script type=\"application\/ld+json\" class=\"yoast-schema-graph\">{\"@context\":\"https:\/\/schema.org\",\"@graph\":[{\"@type\":\"WebPage\",\"@id\":\"https:\/\/www.wgimanufacturing.com\/fr\/notre-entreprise\/\",\"url\":\"https:\/\/www.wgimanufacturing.com\/fr\/notre-entreprise\/\",\"name\":\"Notre entreprise - WGI Manufacturing\",\"isPartOf\":{\"@id\":\"https:\/\/www.wgimanufacturing.com\/#website\"},\"primaryImageOfPage\":{\"@id\":\"https:\/\/www.wgimanufacturing.com\/fr\/notre-entreprise\/#primaryimage\"},\"image\":{\"@id\":\"https:\/\/www.wgimanufacturing.com\/fr\/notre-entreprise\/#primaryimage\"},\"thumbnailUrl\":\"https:\/\/www.wgimanufacturing.com\/wp-content\/uploads\/2021\/01\/company_hero.jpg\",\"datePublished\":\"2021-01-03T22:49:24+00:00\",\"dateModified\":\"2025-06-27T19:27:49+00:00\",\"breadcrumb\":{\"@id\":\"https:\/\/www.wgimanufacturing.com\/fr\/notre-entreprise\/#breadcrumb\"},\"inLanguage\":\"fr-CA\",\"potentialAction\":[{\"@type\":\"ReadAction\",\"target\":[\"https:\/\/www.wgimanufacturing.com\/fr\/notre-entreprise\/\"]}]},{\"@type\":\"ImageObject\",\"inLanguage\":\"fr-CA\",\"@id\":\"https:\/\/www.wgimanufacturing.com\/fr\/notre-entreprise\/#primaryimage\",\"url\":\"https:\/\/www.wgimanufacturing.com\/wp-content\/uploads\/2021\/01\/company_hero.jpg\",\"contentUrl\":\"https:\/\/www.wgimanufacturing.com\/wp-content\/uploads\/2021\/01\/company_hero.jpg\",\"width\":1200,\"height\":800},{\"@type\":\"BreadcrumbList\",\"@id\":\"https:\/\/www.wgimanufacturing.com\/fr\/notre-entreprise\/#breadcrumb\",\"itemListElement\":[{\"@type\":\"ListItem\",\"position\":1,\"name\":\"Home\",\"item\":\"https:\/\/www.wgimanufacturing.com\/fr\/\"},{\"@type\":\"ListItem\",\"position\":2,\"name\":\"Notre entreprise\"}]},{\"@type\":\"WebSite\",\"@id\":\"https:\/\/www.wgimanufacturing.com\/#website\",\"url\":\"https:\/\/www.wgimanufacturing.com\/\",\"name\":\"WGI Manufacturing\",\"description\":\"Proudly protecting Canadians since 1968\",\"potentialAction\":[{\"@type\":\"SearchAction\",\"target\":{\"@type\":\"EntryPoint\",\"urlTemplate\":\"https:\/\/www.wgimanufacturing.com\/?s={search_term_string}\"},\"query-input\":{\"@type\":\"PropertyValueSpecification\",\"valueRequired\":true,\"valueName\":\"search_term_string\"}}],\"inLanguage\":\"fr-CA\"}]}<\/script>\n<!-- \/ Yoast SEO plugin. -->","yoast_head_json":{"title":"Notre entreprise - WGI Manufacturing","robots":{"index":"index","follow":"follow","max-snippet":"max-snippet:-1","max-image-preview":"max-image-preview:large","max-video-preview":"max-video-preview:-1"},"canonical":"https:\/\/www.wgimanufacturing.com\/fr\/notre-entreprise\/","og_locale":"fr_CA","og_type":"article","og_title":"Notre entreprise - WGI Manufacturing","og_description":"[vc_row full_width=&#8221;stretch_row&#8221; parallax=&#8221;content-moving&#8221; css=&#8221;.vc_custom_1611835899507{padding-top: 100px !important;padding-bottom: 85px !important;}&#8221; el_id=&#8221;intro&#8221;][vc_column][vc_row_inner][vc_column_inner width=&#8221;1\/3&#8243; offset=&#8221;vc_col-lg-4 vc_col-md-12&#8243; css=&#8221;.vc_custom_1539607714286{padding-right: 50px !important;padding-left: 0px !important;}&#8221;][\/vc_column_inner][vc_column_inner width=&#8221;1\/3&#8243; offset=&#8221;vc_col-lg-4 vc_col-md-6&#8243;][vc_custom_heading [&hellip;]","og_url":"https:\/\/www.wgimanufacturing.com\/fr\/notre-entreprise\/","og_site_name":"WGI Manufacturing","article_modified_time":"2025-06-27T19:27:49+00:00","og_image":[{"width":1200,"height":800,"url":"https:\/\/www.wgimanufacturing.com\/wp-content\/uploads\/2021\/01\/company_hero.jpg","type":"image\/jpeg"}],"twitter_card":"summary_large_image","schema":{"@context":"https:\/\/schema.org","@graph":[{"@type":"WebPage","@id":"https:\/\/www.wgimanufacturing.com\/fr\/notre-entreprise\/","url":"https:\/\/www.wgimanufacturing.com\/fr\/notre-entreprise\/","name":"Notre entreprise - WGI Manufacturing","isPartOf":{"@id":"https:\/\/www.wgimanufacturing.com\/#website"},"primaryImageOfPage":{"@id":"https:\/\/www.wgimanufacturing.com\/fr\/notre-entreprise\/#primaryimage"},"image":{"@id":"https:\/\/www.wgimanufacturing.com\/fr\/notre-entreprise\/#primaryimage"},"thumbnailUrl":"https:\/\/www.wgimanufacturing.com\/wp-content\/uploads\/2021\/01\/company_hero.jpg","datePublished":"2021-01-03T22:49:24+00:00","dateModified":"2025-06-27T19:27:49+00:00","breadcrumb":{"@id":"https:\/\/www.wgimanufacturing.com\/fr\/notre-entreprise\/#breadcrumb"},"inLanguage":"fr-CA","potentialAction":[{"@type":"ReadAction","target":["https:\/\/www.wgimanufacturing.com\/fr\/notre-entreprise\/"]}]},{"@type":"ImageObject","inLanguage":"fr-CA","@id":"https:\/\/www.wgimanufacturing.com\/fr\/notre-entreprise\/#primaryimage","url":"https:\/\/www.wgimanufacturing.com\/wp-content\/uploads\/2021\/01\/company_hero.jpg","contentUrl":"https:\/\/www.wgimanufacturing.com\/wp-content\/uploads\/2021\/01\/company_hero.jpg","width":1200,"height":800},{"@type":"BreadcrumbList","@id":"https:\/\/www.wgimanufacturing.com\/fr\/notre-entreprise\/#breadcrumb","itemListElement":[{"@type":"ListItem","position":1,"name":"Home","item":"https:\/\/www.wgimanufacturing.com\/fr\/"},{"@type":"ListItem","position":2,"name":"Notre entreprise"}]},{"@type":"WebSite","@id":"https:\/\/www.wgimanufacturing.com\/#website","url":"https:\/\/www.wgimanufacturing.com\/","name":"WGI Manufacturing","description":"Proudly protecting Canadians since 1968","potentialAction":[{"@type":"SearchAction","target":{"@type":"EntryPoint","urlTemplate":"https:\/\/www.wgimanufacturing.com\/?s={search_term_string}"},"query-input":{"@type":"PropertyValueSpecification","valueRequired":true,"valueName":"search_term_string"}}],"inLanguage":"fr-CA"}]}},"_links":{"self":[{"href":"https:\/\/www.wgimanufacturing.com\/fr\/wp-json\/wp\/v2\/pages\/8043","targetHints":{"allow":["GET"]}}],"collection":[{"href":"https:\/\/www.wgimanufacturing.com\/fr\/wp-json\/wp\/v2\/pages"}],"about":[{"href":"https:\/\/www.wgimanufacturing.com\/fr\/wp-json\/wp\/v2\/types\/page"}],"author":[{"embeddable":true,"href":"https:\/\/www.wgimanufacturing.com\/fr\/wp-json\/wp\/v2\/users\/1"}],"replies":[{"embeddable":true,"href":"https:\/\/www.wgimanufacturing.com\/fr\/wp-json\/wp\/v2\/comments?post=8043"}],"version-history":[{"count":5,"href":"https:\/\/www.wgimanufacturing.com\/fr\/wp-json\/wp\/v2\/pages\/8043\/revisions"}],"predecessor-version":[{"id":8049,"href":"https:\/\/www.wgimanufacturing.com\/fr\/wp-json\/wp\/v2\/pages\/8043\/revisions\/8049"}],"wp:featuredmedia":[{"embeddable":true,"href":"https:\/\/www.wgimanufacturing.com\/fr\/wp-json\/wp\/v2\/media\/7900"}],"wp:attachment":[{"href":"https:\/\/www.wgimanufacturing.com\/fr\/wp-json\/wp\/v2\/media?parent=8043"}],"curies":[{"name":"wp","href":"https:\/\/api.w.org\/{rel}","templated":true}]}}