{"id":8067,"date":"2021-01-07T10:41:57","date_gmt":"2021-01-07T18:41:57","guid":{"rendered":"https:\/\/www.wgimanufacturing.com\/?page_id=8067"},"modified":"2022-03-08T13:57:52","modified_gmt":"2022-03-08T21:57:52","slug":"contactez-nous","status":"publish","type":"page","link":"https:\/\/www.wgimanufacturing.com\/fr\/contactez-nous\/","title":{"rendered":"Contactez-nous"},"content":{"rendered":"<div class=\"wpb-content-wrapper\"><p>[vc_row full_width=&#8221;stretch_row&#8221; css=&#8221;.vc_custom_1610049724134{margin-top: -50px !important;padding-top: 280px !important;background-image: url(https:\/\/www.ekko-wp.com\/static\/wp-content\/uploads\/sites\/3\/2018\/10\/intro-section7.jpg?id=) !important;}&#8221;][vc_column][vc_row_inner css=&#8221;.vc_custom_1513001355456{margin-bottom: 20px !important;}&#8221;][vc_column_inner width=&#8221;1\/4&#8243;][\/vc_column_inner][vc_column_inner width=&#8221;1\/2&#8243; css=&#8221;.vc_custom_1515501905560{padding-right: 0px !important;padding-left: 0px !important;}&#8221;][vc_custom_heading text=&#8221;Vous \u00eates entre de bonnes mains&#8221; font_container=&#8221;tag:h1|text_align:center|color:%23000000&#8243; use_theme_fonts=&#8221;yes&#8221; css_animation=&#8221;fadeIn&#8221; css=&#8221;.vc_custom_1646759848375{margin-bottom: 10px !important;}&#8221;][vc_empty_space height=&#8221;50&#8243;][\/vc_column_inner][vc_column_inner width=&#8221;1\/4&#8243;][\/vc_column_inner][\/vc_row_inner][\/vc_column][\/vc_row][vc_row full_width=&#8221;stretch_row&#8221;][vc_column css=&#8221;.vc_custom_1516095762744{padding-right: 0px !important;padding-left: 0px !important;}&#8221;][vc_row_inner css=&#8221;.vc_custom_1539094112829{padding-top: 100px !important;padding-bottom: 73px !important;}&#8221;][vc_column_inner width=&#8221;1\/2&#8243; css=&#8221;.vc_custom_1610049248441{padding-right: 40px !important;padding-left: 80px !important;}&#8221;]<header class=\"kd-section-title col-lg-12 text-left  kd-animated fadeIn   vc_custom_1646759869795\" data-animation-delay=200><h3 class=\"separator_off\" >Service client<\/h3><\/header>[vc_column_text]Chaque membre de notre \u00e9quipe est d\u00e9di\u00e9 au plus haut niveau de support client. De notre \u00e9quipe d&#8217;assistance aux comptes nationaux, de notre service technique \u00e0 notre service client, nous utilisons notre exp\u00e9rience et notre expertise pour r\u00e9soudre les probl\u00e8mes et vous servir.[\/vc_column_text][vc_empty_space height=&#8221;16px&#8221;][vc_column_text]<strong>3 Pullman Court, Toronto ON<\/strong><br \/>\n<strong>E-mail : <a href=\"mailto:info@wgimanufacturing.com\">info@wgimanufacturing.com<\/a><\/strong><br \/>\n<strong>T\u00e9l\u00e9phone (s : <a href=\"tel:416-412-2970\">(416) 412-2970<\/a><\/strong><\/p>\n<p><strong>Canada :<\/strong><br \/>\nCarolyn Atta, <a href=\"tel:416-412-2970\">416-412-2970<\/a><br \/>\n<a href=\"mailto:carolyn.atta@ia.ca\">carolyn.atta@ia.ca<\/a>[\/vc_column_text][\/vc_column_inner][vc_column_inner width=&#8221;1\/2&#8243; css=&#8221;.vc_custom_1610049254343{padding-right: 80px !important;padding-left: 50px !important;}&#8221;]<div class=\"kd-contact-form full-width-cf\" >\n<div class=\"wpcf7 no-js\" id=\"wpcf7-f8071-o1\" lang=\"fr-CA\" dir=\"ltr\" data-wpcf7-id=\"8071\">\n<div class=\"screen-reader-response\"><p role=\"status\" aria-live=\"polite\" aria-atomic=\"true\"><\/p> <ul><\/ul><\/div>\n<form action=\"\/fr\/wp-json\/wp\/v2\/pages\/8067#wpcf7-f8071-o1\" method=\"post\" class=\"wpcf7-form init\" aria-label=\"Contact form\" novalidate=\"novalidate\" data-status=\"init\">\n<fieldset class=\"hidden-fields-container\"><input type=\"hidden\" name=\"_wpcf7\" value=\"8071\" \/><input type=\"hidden\" name=\"_wpcf7_version\" value=\"6.1.2\" \/><input type=\"hidden\" name=\"_wpcf7_locale\" value=\"fr_CA\" \/><input type=\"hidden\" name=\"_wpcf7_unit_tag\" value=\"wpcf7-f8071-o1\" \/><input type=\"hidden\" name=\"_wpcf7_container_post\" value=\"0\" \/><input type=\"hidden\" name=\"_wpcf7_posted_data_hash\" value=\"\" \/>\n<\/fieldset>\n<p><span class=\"wpcf7-form-control-wrap\" data-name=\"your-name\"><input size=\"40\" maxlength=\"400\" class=\"wpcf7-form-control wpcf7-text wpcf7-validates-as-required\" aria-required=\"true\" aria-invalid=\"false\" placeholder=\"Nom\" value=\"\" type=\"text\" name=\"your-name\" \/><\/span><br \/>\n<span class=\"wpcf7-form-control-wrap\" data-name=\"your-phone\"><input size=\"40\" maxlength=\"400\" class=\"wpcf7-form-control wpcf7-tel wpcf7-validates-as-required wpcf7-text wpcf7-validates-as-tel\" aria-required=\"true\" aria-invalid=\"false\" placeholder=\"T\u00e9l\u00e9phoner\" value=\"\" type=\"tel\" name=\"your-phone\" \/><\/span><br \/>\n<span class=\"wpcf7-form-control-wrap\" data-name=\"your-email\"><input size=\"40\" maxlength=\"400\" class=\"wpcf7-form-control wpcf7-email wpcf7-validates-as-required wpcf7-text wpcf7-validates-as-email\" aria-required=\"true\" aria-invalid=\"false\" placeholder=\"E-mail\" value=\"\" type=\"email\" name=\"your-email\" \/><\/span><br \/>\n<input class=\"wpcf7-form-control wpcf7-submit has-spinner\" type=\"submit\" value=\"Nous faire parvenir\" \/>\n<\/p><div class=\"wpcf7-response-output\" aria-hidden=\"true\"><\/div>\n<\/form>\n<\/div>\n<\/div>[\/vc_column_inner][\/vc_row_inner][\/vc_column][\/vc_row][vc_row full_width=&#8221;stretch_row_content_no_spaces&#8221; css=&#8221;.vc_custom_1512991305432{margin-bottom: -40px !important;}&#8221;][vc_column]<script>\r\n\r\n                    function initKdMap_kd69f0d1b73935a() {\r\n                      var map_kd69f0d1b73935a;\r\n        \t\t\t\t\t\t\tvar gmap_location_kd69f0d1b73935a = new google.maps.LatLng(43.820760, -79.237600);\r\n        \t\t\t\t\t\t\tvar GMAP_MODULE_kd69f0d1b73935a = \"customMap\";\r\n      \t\t\t\t\t\t\t\tvar featureOpts = [\r\n      \t\t\t\t\t\t\t\t\t\t\t{\r\n      \t\t\t\t\t\t\t\t\t\t\t  stylers: [\r\n      \t\t\t\t\t\t\t\t\t\t\t\t{ \"visibility\": \"on\" },\r\n      \t\t\t\t\t\t\t\t\t\t\t\t{ \"weight\": 1 },\r\n      \t\t\t\t\t\t\t\t\t\t\t\t{ \"saturation\": -100 },\r\n      \t\t\t\t\t\t\t\t\t\t\t\t{ \"lightness\": 2.2 },\r\n      \t\t\t\t\t\t\t\t\t\t\t\t{ \"gamma\": 2.2 }\r\n      \t\t\t\t\t\t\t\t\t\t\t  ]\r\n      \t\t\t\t\t\t\t\t\t\t\t}, {\r\n                                featureType: \"poi\",\r\n                                stylers: [\r\n                                  { \"visibility\": \"off\" }\r\n                                ]\r\n                              }\r\n      \t\t\t\t\t\t\t\t\t\t];\r\n      \t\t\t\t\t\t\t\tvar mapOptions = {\r\n      \t\t\t\t\t\t\t\t\tzoom: 13,\r\n      \t\t\t\t\t\t\t\t\tcenter: gmap_location_kd69f0d1b73935a,\r\n                        scrollwheel: false,\r\n      \t\t\t\t\t\t\t\t\tmapTypeControlOptions: {\r\n      \t\t\t\t\t\t\t\t\t\tmapTypeIds: [google.maps.MapTypeId.ROADMAP, GMAP_MODULE_kd69f0d1b73935a]\r\n      \t\t\t\t\t\t\t\t\t},\r\n      \t\t\t\t\t\t\t\t\tmapTypeId: GMAP_MODULE_kd69f0d1b73935a\r\n      \t\t\t\t\t\t\t\t};\r\n      \t\t\t\t\t\t\t\tmap_kd69f0d1b73935a = new google.maps.Map(document.getElementById(\"kd69f0d1b73935a\"), mapOptions);\r\n      \t\t\t\t\t\t\t\tmarker_kd69f0d1b73935a = new google.maps.Marker({\r\n      \t\t\t\t\t\t\t\t\tmap: map_kd69f0d1b73935a,\r\n      \t\t\t\t\t\t\t\t\tdraggable: false,\r\n      \t\t\t\t\t\t\t\t\tanimation: google.maps.Animation.DROP,\r\n      \t\t\t\t\t\t\t\t\tposition: gmap_location_kd69f0d1b73935a,\r\n      \t\t\t\t\t\t\t\t\ticon: \"https:\/\/www.ekko-wp.com\/static\/wp-content\/uploads\/sites\/3\/2018\/10\/map-marker.png\"\r\n      \t\t\t\t\t\t\t\t  });\r\n      \t\t\t\t\t\t\t\tgoogle.maps.event.addListener(marker_kd69f0d1b73935a, \"click\", function() {\r\n      \t\t\t\t\t\t\t\t\tif (marker_kd69f0d1b73935a.getAnimation() != null) {\r\n      \t\t\t\t\t\t\t\t\t\tmarker_kd69f0d1b73935a.setAnimation(null);\r\n      \t\t\t\t\t\t\t\t\t} else {\r\n      \t\t\t\t\t\t\t\t\t\tmarker_kd69f0d1b73935a.setAnimation(google.maps.Animation.BOUNCE);\r\n      \t\t\t\t\t\t\t\t\t}\r\n      \t\t\t\t\t\t\t\t});\r\n      \t\t\t\t\t\t\t\tvar styledMapOptions = {\r\n      \t\t\t\t\t\t\t\t\tname: \"WGIM\"\r\n      \t\t\t\t\t\t\t\t};\r\n      \t\t\t\t\t\t\t\tvar customMapType_kd69f0d1b73935a = new google.maps.StyledMapType(featureOpts, styledMapOptions);\r\n      \t\t\t\t\t\t\t\tmap_kd69f0d1b73935a.mapTypes.set(GMAP_MODULE_kd69f0d1b73935a, customMapType_kd69f0d1b73935a);\r\n                      }\r\n                      jQuery(window).on(\"load\", function() {\r\n                        initKdMap_kd69f0d1b73935a();\r\n                      });\r\n      \t\t\t\t\t\t<\/script><div class=\"contact-map-container left_info_panel\" style=\"height: 560px;\"><div class=\"business-info-wrapper\">\r\n                        <span class=\"fas fa-times toggle-map-info\"><\/span>\r\n                        <div class=\"business-info-header\"><h4>Si\u00e8ge social de WGI Manufacturing Inc<\/h4><address><span class=\"business-address-row\"><i class=\"fas fa-map-marker-alt\"><\/i><span class=\"address-overflow\">3 Pullman Court, Toronto, ON M1X 1E4<\/span><\/span><span class=\"business-phone-row\"><i class=\"fas fa-phone-alt\"><\/i>(416) 412-2970<\/span><span class=\"business-email-row\"><i class=\"far fa-envelope\"><\/i><a href=\"mailto:info@wgimanufacturing.com\">info@wgimanufacturing.com<\/a><\/span><\/address>\r\n                        <\/div>\r\n                        <div class=\"business-info-schedule\">\r\n                            <h4><\/h4><div class=\"business-info-day\"><\/div><\/div>\r\n                    <\/div><div id=\"kd69f0d1b73935a\" class=\"kd_map\" style=\"height: 560px;\"><\/div>\r\n\r\n            <\/div>[\/vc_column][\/vc_row]<\/p>\n<\/div>","protected":false},"excerpt":{"rendered":"<p>[vc_row full_width=&#8221;stretch_row&#8221; css=&#8221;.vc_custom_1610049724134{margin-top: -50px !important;padding-top: 280px !important;background-image: url(https:\/\/www.ekko-wp.com\/static\/wp-content\/uploads\/sites\/3\/2018\/10\/intro-section7.jpg?id=) !important;}&#8221;][vc_column][vc_row_inner css=&#8221;.vc_custom_1513001355456{margin-bottom: 20px !important;}&#8221;][vc_column_inner width=&#8221;1\/4&#8243;][\/vc_column_inner][vc_column_inner width=&#8221;1\/2&#8243; css=&#8221;.vc_custom_1515501905560{padding-right: 0px !important;padding-left: 0px !important;}&#8221;][vc_custom_heading text=&#8221;Vous [&hellip;]<\/p>\n","protected":false},"author":1,"featured_media":0,"parent":0,"menu_order":0,"comment_status":"closed","ping_status":"closed","template":"","meta":{"footnotes":""},"class_list":["post-8067","page","type-page","status-publish","hentry"],"yoast_head":"<!-- This site is optimized with the Yoast SEO plugin v26.1.1 - https:\/\/yoast.com\/wordpress\/plugins\/seo\/ -->\n<title>Contactez-nous - WGI Manufacturing<\/title>\n<meta name=\"robots\" content=\"index, follow, max-snippet:-1, max-image-preview:large, max-video-preview:-1\" \/>\n<link rel=\"canonical\" href=\"https:\/\/www.wgimanufacturing.com\/fr\/contactez-nous\/\" \/>\n<meta property=\"og:locale\" content=\"fr_CA\" \/>\n<meta property=\"og:type\" content=\"article\" \/>\n<meta property=\"og:title\" content=\"Contactez-nous - WGI Manufacturing\" \/>\n<meta property=\"og:description\" content=\"[vc_row full_width=&#8221;stretch_row&#8221; css=&#8221;.vc_custom_1610049724134{margin-top: -50px !important;padding-top: 280px !important;background-image: url(https:\/\/www.ekko-wp.com\/static\/wp-content\/uploads\/sites\/3\/2018\/10\/intro-section7.jpg?id=) !important;}&#8221;][vc_column][vc_row_inner css=&#8221;.vc_custom_1513001355456{margin-bottom: 20px !important;}&#8221;][vc_column_inner width=&#8221;1\/4&#8243;][\/vc_column_inner][vc_column_inner width=&#8221;1\/2&#8243; css=&#8221;.vc_custom_1515501905560{padding-right: 0px !important;padding-left: 0px !important;}&#8221;][vc_custom_heading text=&#8221;Vous [&hellip;]\" \/>\n<meta property=\"og:url\" content=\"https:\/\/www.wgimanufacturing.com\/fr\/contactez-nous\/\" \/>\n<meta property=\"og:site_name\" content=\"WGI Manufacturing\" \/>\n<meta property=\"article:modified_time\" content=\"2022-03-08T21:57:52+00:00\" \/>\n<meta name=\"twitter:card\" content=\"summary_large_image\" \/>\n<script type=\"application\/ld+json\" class=\"yoast-schema-graph\">{\"@context\":\"https:\/\/schema.org\",\"@graph\":[{\"@type\":\"WebPage\",\"@id\":\"https:\/\/www.wgimanufacturing.com\/fr\/contactez-nous\/\",\"url\":\"https:\/\/www.wgimanufacturing.com\/fr\/contactez-nous\/\",\"name\":\"Contactez-nous - WGI Manufacturing\",\"isPartOf\":{\"@id\":\"https:\/\/www.wgimanufacturing.com\/#website\"},\"datePublished\":\"2021-01-07T18:41:57+00:00\",\"dateModified\":\"2022-03-08T21:57:52+00:00\",\"breadcrumb\":{\"@id\":\"https:\/\/www.wgimanufacturing.com\/fr\/contactez-nous\/#breadcrumb\"},\"inLanguage\":\"fr-CA\",\"potentialAction\":[{\"@type\":\"ReadAction\",\"target\":[\"https:\/\/www.wgimanufacturing.com\/fr\/contactez-nous\/\"]}]},{\"@type\":\"BreadcrumbList\",\"@id\":\"https:\/\/www.wgimanufacturing.com\/fr\/contactez-nous\/#breadcrumb\",\"itemListElement\":[{\"@type\":\"ListItem\",\"position\":1,\"name\":\"Home\",\"item\":\"https:\/\/www.wgimanufacturing.com\/fr\/\"},{\"@type\":\"ListItem\",\"position\":2,\"name\":\"Contactez-nous\"}]},{\"@type\":\"WebSite\",\"@id\":\"https:\/\/www.wgimanufacturing.com\/#website\",\"url\":\"https:\/\/www.wgimanufacturing.com\/\",\"name\":\"WGI Manufacturing\",\"description\":\"Proudly protecting Canadians since 1968\",\"potentialAction\":[{\"@type\":\"SearchAction\",\"target\":{\"@type\":\"EntryPoint\",\"urlTemplate\":\"https:\/\/www.wgimanufacturing.com\/?s={search_term_string}\"},\"query-input\":{\"@type\":\"PropertyValueSpecification\",\"valueRequired\":true,\"valueName\":\"search_term_string\"}}],\"inLanguage\":\"fr-CA\"}]}<\/script>\n<!-- \/ Yoast SEO plugin. -->","yoast_head_json":{"title":"Contactez-nous - WGI Manufacturing","robots":{"index":"index","follow":"follow","max-snippet":"max-snippet:-1","max-image-preview":"max-image-preview:large","max-video-preview":"max-video-preview:-1"},"canonical":"https:\/\/www.wgimanufacturing.com\/fr\/contactez-nous\/","og_locale":"fr_CA","og_type":"article","og_title":"Contactez-nous - WGI Manufacturing","og_description":"[vc_row full_width=&#8221;stretch_row&#8221; css=&#8221;.vc_custom_1610049724134{margin-top: -50px !important;padding-top: 280px !important;background-image: url(https:\/\/www.ekko-wp.com\/static\/wp-content\/uploads\/sites\/3\/2018\/10\/intro-section7.jpg?id=) !important;}&#8221;][vc_column][vc_row_inner css=&#8221;.vc_custom_1513001355456{margin-bottom: 20px !important;}&#8221;][vc_column_inner width=&#8221;1\/4&#8243;][\/vc_column_inner][vc_column_inner width=&#8221;1\/2&#8243; css=&#8221;.vc_custom_1515501905560{padding-right: 0px !important;padding-left: 0px !important;}&#8221;][vc_custom_heading text=&#8221;Vous [&hellip;]","og_url":"https:\/\/www.wgimanufacturing.com\/fr\/contactez-nous\/","og_site_name":"WGI Manufacturing","article_modified_time":"2022-03-08T21:57:52+00:00","twitter_card":"summary_large_image","schema":{"@context":"https:\/\/schema.org","@graph":[{"@type":"WebPage","@id":"https:\/\/www.wgimanufacturing.com\/fr\/contactez-nous\/","url":"https:\/\/www.wgimanufacturing.com\/fr\/contactez-nous\/","name":"Contactez-nous - WGI Manufacturing","isPartOf":{"@id":"https:\/\/www.wgimanufacturing.com\/#website"},"datePublished":"2021-01-07T18:41:57+00:00","dateModified":"2022-03-08T21:57:52+00:00","breadcrumb":{"@id":"https:\/\/www.wgimanufacturing.com\/fr\/contactez-nous\/#breadcrumb"},"inLanguage":"fr-CA","potentialAction":[{"@type":"ReadAction","target":["https:\/\/www.wgimanufacturing.com\/fr\/contactez-nous\/"]}]},{"@type":"BreadcrumbList","@id":"https:\/\/www.wgimanufacturing.com\/fr\/contactez-nous\/#breadcrumb","itemListElement":[{"@type":"ListItem","position":1,"name":"Home","item":"https:\/\/www.wgimanufacturing.com\/fr\/"},{"@type":"ListItem","position":2,"name":"Contactez-nous"}]},{"@type":"WebSite","@id":"https:\/\/www.wgimanufacturing.com\/#website","url":"https:\/\/www.wgimanufacturing.com\/","name":"WGI Manufacturing","description":"Proudly protecting Canadians since 1968","potentialAction":[{"@type":"SearchAction","target":{"@type":"EntryPoint","urlTemplate":"https:\/\/www.wgimanufacturing.com\/?s={search_term_string}"},"query-input":{"@type":"PropertyValueSpecification","valueRequired":true,"valueName":"search_term_string"}}],"inLanguage":"fr-CA"}]}},"_links":{"self":[{"href":"https:\/\/www.wgimanufacturing.com\/fr\/wp-json\/wp\/v2\/pages\/8067","targetHints":{"allow":["GET"]}}],"collection":[{"href":"https:\/\/www.wgimanufacturing.com\/fr\/wp-json\/wp\/v2\/pages"}],"about":[{"href":"https:\/\/www.wgimanufacturing.com\/fr\/wp-json\/wp\/v2\/types\/page"}],"author":[{"embeddable":true,"href":"https:\/\/www.wgimanufacturing.com\/fr\/wp-json\/wp\/v2\/users\/1"}],"replies":[{"embeddable":true,"href":"https:\/\/www.wgimanufacturing.com\/fr\/wp-json\/wp\/v2\/comments?post=8067"}],"version-history":[{"count":5,"href":"https:\/\/www.wgimanufacturing.com\/fr\/wp-json\/wp\/v2\/pages\/8067\/revisions"}],"predecessor-version":[{"id":8076,"href":"https:\/\/www.wgimanufacturing.com\/fr\/wp-json\/wp\/v2\/pages\/8067\/revisions\/8076"}],"wp:attachment":[{"href":"https:\/\/www.wgimanufacturing.com\/fr\/wp-json\/wp\/v2\/media?parent=8067"}],"curies":[{"name":"wp","href":"https:\/\/api.w.org\/{rel}","templated":true}]}}