{"id":8085,"date":"2012-12-04T19:33:09","date_gmt":"2012-12-05T03:33:09","guid":{"rendered":"https:\/\/www.wgimanufacturing.com\/?page_id=8085"},"modified":"2022-03-14T12:41:03","modified_gmt":"2022-03-14T19:41:03","slug":"safety-data-sheets","status":"publish","type":"page","link":"https:\/\/www.wgimanufacturing.com\/fr\/safety-data-sheets\/","title":{"rendered":"Fiche de donn\u00e9es de s\u00e9curit\u00e9"},"content":{"rendered":"<div class=\"wpb-content-wrapper\"><p>[vc_row css=&#8221;.vc_custom_1610366584002{padding-top: 60px !important;padding-bottom: 60px !important;}&#8221; top_section_title=&#8221;&#8221; bottom_section_title=&#8221;&#8221;][vc_column][vc_column_text]<script type=\"text\/javascript\">var sdsAdminUrl = \"https:\/\/www.wgimanufacturing.com\/wp-admin\/admin-ajax.php\";<\/script><div class=\"sds-viewer row\"><div class=\"col-6\"><h2>Recherche de produit<\/h2><div class=\"sds-center\"><div class=\"form-group sds-short-field\">\t<label for=\"productId\">Num\u00e9ro de produit:<\/label>\t<input type=\"text\" class=\"form-control\" id=\"productId\"><\/div><div class=\"form-group sds-short-field sds-left\">\t<label for=\"productName\">Nom du produit:<\/label>\t<input type=\"text\" class=\"form-control\" id=\"productName\"><\/div><div class=\"form-group sds-short-field sds-left sds-search-type\">\t<label for=\"searchType\">Type de recherche:<\/label>\t<select class=\"form-control\" id=\"searchType\">\t\t<option value=\"start\">Commencer avec<\/option>\t\t<option value=\"contain\">Contenir<\/option>\t\t<option value=\"end\">Se termine par<\/option>\t<\/select><\/div><div class=\"form-group sds-clear\">\t<label for=\"chemicalName\">Nom chimique:<\/label>\t<input type=\"text\" class=\"form-control\" id=\"chemicalName\"><\/div><button id=\"resetBtn\" type=\"button\" class=\"button\">R\u00e9initialiser<\/button><button id=\"searchBtn\" type=\"button\" class=\"button\">Chercher<\/button><\/div><div class=\"sds-results\"><p class=\"sds-search-results\">&nbsp;.<\/p><ul><li> &nbsp; <\/li><\/ul><table class=\"table table-hover\">\t<thead>\t  <tr>\t\t<th>FDS #<\/th>\t\t<th>Nom du produit<\/th>\t\t<th>SKU<\/th>\t\t<th>Type de document<\/th>\t\t<th>Date de publication<\/th>\t\t<th>La langue<\/th>\t  <\/tr>\t<\/thead>\t<tbody>\t  <tr>\t\t<td>&nbsp;<\/td>\t\t<td>&nbsp;<\/td>\t\t<td>&nbsp;<\/td>\t\t<td>&nbsp;<\/td>\t\t<td>&nbsp;<\/td>\t\t<td>&nbsp;<\/td>\t  <\/tr>\t<\/tbody><\/table><\/div><\/div><\/div>[\/vc_column_text][\/vc_column][\/vc_row]<\/p>\n<\/div>","protected":false},"excerpt":{"rendered":"<p>[vc_row css=&#8221;.vc_custom_1610366584002{padding-top: 60px !important;padding-bottom: 60px !important;}&#8221; top_section_title=&#8221;&#8221; bottom_section_title=&#8221;&#8221;][vc_column][vc_column_text][\/vc_column_text][\/vc_column][\/vc_row]<\/p>\n","protected":false},"author":1,"featured_media":0,"parent":0,"menu_order":0,"comment_status":"closed","ping_status":"open","template":"","meta":{"footnotes":""},"class_list":["post-8085","page","type-page","status-publish","hentry"],"yoast_head":"<!-- This site is optimized with the Yoast SEO plugin v26.1.1 - https:\/\/yoast.com\/wordpress\/plugins\/seo\/ -->\n<title>Fiche de donn\u00e9es de s\u00e9curit\u00e9 - WGI Manufacturing<\/title>\n<meta name=\"robots\" content=\"index, follow, max-snippet:-1, max-image-preview:large, max-video-preview:-1\" \/>\n<link rel=\"canonical\" href=\"https:\/\/www.wgimanufacturing.com\/fr\/safety-data-sheets\/\" \/>\n<meta property=\"og:locale\" content=\"fr_CA\" \/>\n<meta property=\"og:type\" content=\"article\" \/>\n<meta property=\"og:title\" content=\"Fiche de donn\u00e9es de s\u00e9curit\u00e9 - WGI Manufacturing\" \/>\n<meta property=\"og:description\" content=\"[vc_row css=&#8221;.vc_custom_1610366584002{padding-top: 60px !important;padding-bottom: 60px !important;}&#8221; top_section_title=&#8221;&#8221; bottom_section_title=&#8221;&#8221;][vc_column][vc_column_text][\/vc_column_text][\/vc_column][\/vc_row]\" \/>\n<meta property=\"og:url\" content=\"https:\/\/www.wgimanufacturing.com\/fr\/safety-data-sheets\/\" \/>\n<meta property=\"og:site_name\" content=\"WGI Manufacturing\" \/>\n<meta property=\"article:modified_time\" content=\"2022-03-14T19:41:03+00:00\" \/>\n<meta name=\"twitter:card\" content=\"summary_large_image\" \/>\n<script type=\"application\/ld+json\" class=\"yoast-schema-graph\">{\"@context\":\"https:\/\/schema.org\",\"@graph\":[{\"@type\":\"WebPage\",\"@id\":\"https:\/\/www.wgimanufacturing.com\/fr\/safety-data-sheets\/\",\"url\":\"https:\/\/www.wgimanufacturing.com\/fr\/safety-data-sheets\/\",\"name\":\"Fiche de donn\u00e9es de s\u00e9curit\u00e9 - WGI Manufacturing\",\"isPartOf\":{\"@id\":\"https:\/\/www.wgimanufacturing.com\/#website\"},\"datePublished\":\"2012-12-05T03:33:09+00:00\",\"dateModified\":\"2022-03-14T19:41:03+00:00\",\"breadcrumb\":{\"@id\":\"https:\/\/www.wgimanufacturing.com\/fr\/safety-data-sheets\/#breadcrumb\"},\"inLanguage\":\"fr-CA\",\"potentialAction\":[{\"@type\":\"ReadAction\",\"target\":[\"https:\/\/www.wgimanufacturing.com\/fr\/safety-data-sheets\/\"]}]},{\"@type\":\"BreadcrumbList\",\"@id\":\"https:\/\/www.wgimanufacturing.com\/fr\/safety-data-sheets\/#breadcrumb\",\"itemListElement\":[{\"@type\":\"ListItem\",\"position\":1,\"name\":\"Home\",\"item\":\"https:\/\/www.wgimanufacturing.com\/fr\/\"},{\"@type\":\"ListItem\",\"position\":2,\"name\":\"Fiche de donn\u00e9es de s\u00e9curit\u00e9\"}]},{\"@type\":\"WebSite\",\"@id\":\"https:\/\/www.wgimanufacturing.com\/#website\",\"url\":\"https:\/\/www.wgimanufacturing.com\/\",\"name\":\"WGI Manufacturing\",\"description\":\"Proudly protecting Canadians since 1968\",\"potentialAction\":[{\"@type\":\"SearchAction\",\"target\":{\"@type\":\"EntryPoint\",\"urlTemplate\":\"https:\/\/www.wgimanufacturing.com\/?s={search_term_string}\"},\"query-input\":{\"@type\":\"PropertyValueSpecification\",\"valueRequired\":true,\"valueName\":\"search_term_string\"}}],\"inLanguage\":\"fr-CA\"}]}<\/script>\n<!-- \/ Yoast SEO plugin. -->","yoast_head_json":{"title":"Fiche de donn\u00e9es de s\u00e9curit\u00e9 - WGI Manufacturing","robots":{"index":"index","follow":"follow","max-snippet":"max-snippet:-1","max-image-preview":"max-image-preview:large","max-video-preview":"max-video-preview:-1"},"canonical":"https:\/\/www.wgimanufacturing.com\/fr\/safety-data-sheets\/","og_locale":"fr_CA","og_type":"article","og_title":"Fiche de donn\u00e9es de s\u00e9curit\u00e9 - WGI Manufacturing","og_description":"[vc_row css=&#8221;.vc_custom_1610366584002{padding-top: 60px !important;padding-bottom: 60px !important;}&#8221; top_section_title=&#8221;&#8221; bottom_section_title=&#8221;&#8221;][vc_column][vc_column_text][\/vc_column_text][\/vc_column][\/vc_row]","og_url":"https:\/\/www.wgimanufacturing.com\/fr\/safety-data-sheets\/","og_site_name":"WGI Manufacturing","article_modified_time":"2022-03-14T19:41:03+00:00","twitter_card":"summary_large_image","schema":{"@context":"https:\/\/schema.org","@graph":[{"@type":"WebPage","@id":"https:\/\/www.wgimanufacturing.com\/fr\/safety-data-sheets\/","url":"https:\/\/www.wgimanufacturing.com\/fr\/safety-data-sheets\/","name":"Fiche de donn\u00e9es de s\u00e9curit\u00e9 - WGI Manufacturing","isPartOf":{"@id":"https:\/\/www.wgimanufacturing.com\/#website"},"datePublished":"2012-12-05T03:33:09+00:00","dateModified":"2022-03-14T19:41:03+00:00","breadcrumb":{"@id":"https:\/\/www.wgimanufacturing.com\/fr\/safety-data-sheets\/#breadcrumb"},"inLanguage":"fr-CA","potentialAction":[{"@type":"ReadAction","target":["https:\/\/www.wgimanufacturing.com\/fr\/safety-data-sheets\/"]}]},{"@type":"BreadcrumbList","@id":"https:\/\/www.wgimanufacturing.com\/fr\/safety-data-sheets\/#breadcrumb","itemListElement":[{"@type":"ListItem","position":1,"name":"Home","item":"https:\/\/www.wgimanufacturing.com\/fr\/"},{"@type":"ListItem","position":2,"name":"Fiche de donn\u00e9es de s\u00e9curit\u00e9"}]},{"@type":"WebSite","@id":"https:\/\/www.wgimanufacturing.com\/#website","url":"https:\/\/www.wgimanufacturing.com\/","name":"WGI Manufacturing","description":"Proudly protecting Canadians since 1968","potentialAction":[{"@type":"SearchAction","target":{"@type":"EntryPoint","urlTemplate":"https:\/\/www.wgimanufacturing.com\/?s={search_term_string}"},"query-input":{"@type":"PropertyValueSpecification","valueRequired":true,"valueName":"search_term_string"}}],"inLanguage":"fr-CA"}]}},"_links":{"self":[{"href":"https:\/\/www.wgimanufacturing.com\/fr\/wp-json\/wp\/v2\/pages\/8085","targetHints":{"allow":["GET"]}}],"collection":[{"href":"https:\/\/www.wgimanufacturing.com\/fr\/wp-json\/wp\/v2\/pages"}],"about":[{"href":"https:\/\/www.wgimanufacturing.com\/fr\/wp-json\/wp\/v2\/types\/page"}],"author":[{"embeddable":true,"href":"https:\/\/www.wgimanufacturing.com\/fr\/wp-json\/wp\/v2\/users\/1"}],"replies":[{"embeddable":true,"href":"https:\/\/www.wgimanufacturing.com\/fr\/wp-json\/wp\/v2\/comments?post=8085"}],"version-history":[{"count":6,"href":"https:\/\/www.wgimanufacturing.com\/fr\/wp-json\/wp\/v2\/pages\/8085\/revisions"}],"predecessor-version":[{"id":8103,"href":"https:\/\/www.wgimanufacturing.com\/fr\/wp-json\/wp\/v2\/pages\/8085\/revisions\/8103"}],"wp:attachment":[{"href":"https:\/\/www.wgimanufacturing.com\/fr\/wp-json\/wp\/v2\/media?parent=8085"}],"curies":[{"name":"wp","href":"https:\/\/api.w.org\/{rel}","templated":true}]}}